{"id":1718,"date":"2025-06-24T10:06:48","date_gmt":"2025-06-24T10:06:48","guid":{"rendered":"https:\/\/joanclaver.com\/?post_type=product&#038;p=1718"},"modified":"2025-06-24T16:57:00","modified_gmt":"2025-06-24T16:57:00","slug":"emotionalprism-edicion-fisica-copia","status":"publish","type":"product","link":"https:\/\/joanclaver.com\/index.php\/product\/emotionalprism-edicion-fisica-copia\/","title":{"rendered":"Emotional Prism (Edici\u00f3n F\u00edsica)"},"content":{"rendered":"<p data-start=\"204\" data-end=\"482\"><strong>EMOTIONAL PRISM <\/strong>es un intrigante crisol donde la m\u00fasica improvisada, el pop y la electr\u00f3nica convergen en una armon\u00eda \u00fanica. Esta fusi\u00f3n se logra gracias a la combinaci\u00f3n de melod\u00edas ligeras y elementos de m\u00fasica electr\u00f3nica, dejando espacio para la improvisaci\u00f3n.<\/p>\n<p data-start=\"484\" data-end=\"776\">La voz principal, interpretada por Joan Claver, filtrada con un toque rob\u00f3tico al estilo \u00abDaft Punk\u00bb, aporta un car\u00e1cter personal al proyecto. <strong>EMOTIONAL PRISM<\/strong> explora las emociones m\u00e1s profundas del ser humano y todo aquello que nos mueve, con el objetivo de cautivar al oyente.<\/p>\n<p data-start=\"778\" data-end=\"1041\">La mezcla de estilos confiere a la banda una firma personal y \u00fanica, capturando la atenci\u00f3n de los oyentes.<\/p>\n<p data-start=\"1075\" data-end=\"1143\"><strong data-start=\"1075\" data-end=\"1090\">Joan Claver<\/strong>: Composici\u00f3n, voces, sintetizadores, piano y Rhodes.<\/p>\n<p data-start=\"1146\" data-end=\"1217\"><strong data-start=\"1146\" data-end=\"1163\">Gerard Marsal<\/strong>: Producci\u00f3n, sintetizadores, saxofones y electr\u00f3nica.<\/p>\n<p data-start=\"1220\" data-end=\"1269\"><strong data-start=\"1220\" data-end=\"1236\">Xavier Reija<\/strong>: Bater\u00eda ac\u00fastica y electr\u00f3nica.<\/p>\n<p data-start=\"1272\" data-end=\"1305\"><strong data-start=\"1272\" data-end=\"1288\">Artemia Gr\u00e0s<\/strong>: Bajo el\u00e9ctrico.<\/p>\n<p data-start=\"1272\" data-end=\"1305\">Grabado en Refugi Recording Studio.<\/p>\n","protected":false},"excerpt":{"rendered":"<p><strong>Emotional Prism<\/strong>: El producto de un estudio de investigaci\u00f3n sonora.<\/p>\n","protected":false},"featured_media":1720,"template":"","meta":{"om_disable_all_campaigns":false,"_monsterinsights_skip_tracking":false,"_monsterinsights_sitenote_active":false,"_monsterinsights_sitenote_note":"","_monsterinsights_sitenote_category":0,"site-sidebar-layout":"default","site-content-layout":"default","ast-site-content-layout":"default","site-content-style":"default","site-sidebar-style":"default","ast-global-header-display":"","ast-banner-title-visibility":"","ast-main-header-display":"","ast-hfb-above-header-display":"","ast-hfb-below-header-display":"","ast-hfb-mobile-header-display":"","site-post-title":"","ast-breadcrumbs-content":"","ast-featured-img":"","footer-sml-layout":"","ast-disable-related-posts":"","theme-transparent-header-meta":"default","adv-header-id-meta":"","stick-header-meta":"","header-above-stick-meta":"","header-main-stick-meta":"","header-below-stick-meta":"","astra-migrate-meta-layouts":"set","ast-page-background-enabled":"default","ast-page-background-meta":{"desktop":{"background-color":"","background-image":"","background-repeat":"repeat","background-position":"center center","background-size":"auto","background-attachment":"scroll","background-type":"","background-media":"","overlay-type":"","overlay-color":"","overlay-opacity":"","overlay-gradient":""},"tablet":{"background-color":"","background-image":"","background-repeat":"repeat","background-position":"center center","background-size":"auto","background-attachment":"scroll","background-type":"","background-media":"","overlay-type":"","overlay-color":"","overlay-opacity":"","overlay-gradient":""},"mobile":{"background-color":"","background-image":"","background-repeat":"repeat","background-position":"center center","background-size":"auto","background-attachment":"scroll","background-type":"","background-media":"","overlay-type":"","overlay-color":"","overlay-opacity":"","overlay-gradient":""}},"ast-content-background-meta":{"desktop":{"background-color":"var(--ast-global-color-5)","background-image":"","background-repeat":"repeat","background-position":"center center","background-size":"auto","background-attachment":"scroll","background-type":"","background-media":"","overlay-type":"","overlay-color":"","overlay-opacity":"","overlay-gradient":""},"tablet":{"background-color":"var(--ast-global-color-5)","background-image":"","background-repeat":"repeat","background-position":"center center","background-size":"auto","background-attachment":"scroll","background-type":"","background-media":"","overlay-type":"","overlay-color":"","overlay-opacity":"","overlay-gradient":""},"mobile":{"background-color":"var(--ast-global-color-5)","background-image":"","background-repeat":"repeat","background-position":"center center","background-size":"auto","background-attachment":"scroll","background-type":"","background-media":"","overlay-type":"","overlay-color":"","overlay-opacity":"","overlay-gradient":""}}},"product_brand":[],"product_cat":[53],"product_tag":[57,59,54,70,67,58,71,69,56,72,63,68,61,62],"class_list":{"0":"post-1718","1":"product","2":"type-product","3":"status-publish","4":"has-post-thumbnail","6":"product_cat-discos","7":"product_tag-claver","8":"product_tag-comprar","9":"product_tag-disco","10":"product_tag-electrojazz","11":"product_tag-emotionalprism","12":"product_tag-jazz","13":"product_tag-jazzelectronico","14":"product_tag-jazztronica","15":"product_tag-joan","16":"product_tag-lofimusic","17":"product_tag-new","18":"product_tag-newrealise","19":"product_tag-nou","20":"product_tag-nuevo","21":"desktop-align-left","22":"tablet-align-left","23":"mobile-align-left","25":"first","26":"instock","27":"shipping-taxable","28":"purchasable","29":"product-type-simple"},"aioseo_notices":[],"jetpack_sharing_enabled":true,"_links":{"self":[{"href":"https:\/\/joanclaver.com\/index.php\/wp-json\/wp\/v2\/product\/1718","targetHints":{"allow":["GET"]}}],"collection":[{"href":"https:\/\/joanclaver.com\/index.php\/wp-json\/wp\/v2\/product"}],"about":[{"href":"https:\/\/joanclaver.com\/index.php\/wp-json\/wp\/v2\/types\/product"}],"wp:featuredmedia":[{"embeddable":true,"href":"https:\/\/joanclaver.com\/index.php\/wp-json\/wp\/v2\/media\/1720"}],"wp:attachment":[{"href":"https:\/\/joanclaver.com\/index.php\/wp-json\/wp\/v2\/media?parent=1718"}],"wp:term":[{"taxonomy":"product_brand","embeddable":true,"href":"https:\/\/joanclaver.com\/index.php\/wp-json\/wp\/v2\/product_brand?post=1718"},{"taxonomy":"product_cat","embeddable":true,"href":"https:\/\/joanclaver.com\/index.php\/wp-json\/wp\/v2\/product_cat?post=1718"},{"taxonomy":"product_tag","embeddable":true,"href":"https:\/\/joanclaver.com\/index.php\/wp-json\/wp\/v2\/product_tag?post=1718"}],"curies":[{"name":"wp","href":"https:\/\/api.w.org\/{rel}","templated":true}]}}