{"id":1561,"date":"2022-05-05T18:38:04","date_gmt":"2022-05-05T18:38:04","guid":{"rendered":"https:\/\/joanclaver.com\/?post_type=product&#038;p=1561"},"modified":"2022-05-05T18:41:15","modified_gmt":"2022-05-05T18:41:15","slug":"mist-edicion-fisica","status":"publish","type":"product","link":"https:\/\/joanclaver.com\/index.php\/product\/mist-edicion-fisica\/","title":{"rendered":"Mist (Edici\u00f3n F\u00edsica)"},"content":{"rendered":"<p>MIST es una oda al universo, a la naturaleza y al comportamiento humano hacia la vida y las<br \/>\nemociones. El disco incluye 9 composiciones originales y 1 cover rodeadas de una niebla<br \/>\nmisteriosa, en busca de sonoridades hipn\u00f3ticas, ecl\u00e9cticas y modernas. Una formaci\u00f3n<br \/>\ncl\u00e1sica, como es el Piano tr\u00edo, en la que se unen melod\u00eda, armon\u00eda y ritmo en una sola voz,<br \/>\nde una manera muy personal e \u00edntima. Joan Claver al piano y composici\u00f3n, acompa\u00f1ado de<br \/>\nXavi Reija a la bater\u00eda y Artemi Agr\u00e0s al contrabajo. Grabado en los estudios de La Casa<br \/>\nMurada por Jes\u00fas Rovira y mezclado en EQ Estudi por Xavier Moreno.<\/p>\n<p>Joan Claver &#8211; Piano<br \/>\nXavi Reija &#8211; Bater\u00eda<br \/>\nArtemi Agr\u00e0s &#8211; Contrabajo<\/p>\n","protected":false},"excerpt":{"rendered":"<p>MIST es una oda al universo, a la naturaleza y al comportamiento humano hacia la vida y las<br \/>\nemociones.<\/p>\n","protected":false},"featured_media":1564,"template":"","meta":{"om_disable_all_campaigns":false,"_monsterinsights_skip_tracking":false,"_monsterinsights_sitenote_active":false,"_monsterinsights_sitenote_note":"","_monsterinsights_sitenote_category":0,"site-sidebar-layout":"default","site-content-layout":"default","ast-site-content-layout":"default","site-content-style":"default","site-sidebar-style":"default","ast-global-header-display":"","ast-banner-title-visibility":"","ast-main-header-display":"","ast-hfb-above-header-display":"","ast-hfb-below-header-display":"","ast-hfb-mobile-header-display":"","site-post-title":"","ast-breadcrumbs-content":"","ast-featured-img":"","footer-sml-layout":"","ast-disable-related-posts":"","theme-transparent-header-meta":"","adv-header-id-meta":"","stick-header-meta":"","header-above-stick-meta":"","header-main-stick-meta":"","header-below-stick-meta":"","astra-migrate-meta-layouts":"default","ast-page-background-enabled":"default","ast-page-background-meta":{"desktop":{"background-color":"","background-image":"","background-repeat":"repeat","background-position":"center center","background-size":"auto","background-attachment":"scroll","background-type":"","background-media":"","overlay-type":"","overlay-color":"","overlay-opacity":"","overlay-gradient":""},"tablet":{"background-color":"","background-image":"","background-repeat":"repeat","background-position":"center center","background-size":"auto","background-attachment":"scroll","background-type":"","background-media":"","overlay-type":"","overlay-color":"","overlay-opacity":"","overlay-gradient":""},"mobile":{"background-color":"","background-image":"","background-repeat":"repeat","background-position":"center center","background-size":"auto","background-attachment":"scroll","background-type":"","background-media":"","overlay-type":"","overlay-color":"","overlay-opacity":"","overlay-gradient":""}},"ast-content-background-meta":{"desktop":{"background-color":"var(--ast-global-color-5)","background-image":"","background-repeat":"repeat","background-position":"center center","background-size":"auto","background-attachment":"scroll","background-type":"","background-media":"","overlay-type":"","overlay-color":"","overlay-opacity":"","overlay-gradient":""},"tablet":{"background-color":"var(--ast-global-color-5)","background-image":"","background-repeat":"repeat","background-position":"center center","background-size":"auto","background-attachment":"scroll","background-type":"","background-media":"","overlay-type":"","overlay-color":"","overlay-opacity":"","overlay-gradient":""},"mobile":{"background-color":"var(--ast-global-color-5)","background-image":"","background-repeat":"repeat","background-position":"center center","background-size":"auto","background-attachment":"scroll","background-type":"","background-media":"","overlay-type":"","overlay-color":"","overlay-opacity":"","overlay-gradient":""}}},"product_brand":[],"product_cat":[53],"product_tag":[57,59,54,58,56,55,63,61,62,60],"class_list":{"0":"post-1561","1":"product","2":"type-product","3":"status-publish","4":"has-post-thumbnail","6":"product_cat-discos","7":"product_tag-claver","8":"product_tag-comprar","9":"product_tag-disco","10":"product_tag-jazz","11":"product_tag-joan","12":"product_tag-mist","13":"product_tag-new","14":"product_tag-nou","15":"product_tag-nuevo","16":"product_tag-trio","17":"desktop-align-left","18":"tablet-align-left","19":"mobile-align-left","21":"first","22":"instock","23":"shipping-taxable","24":"purchasable","25":"product-type-simple"},"aioseo_notices":[],"jetpack_sharing_enabled":true,"_links":{"self":[{"href":"https:\/\/joanclaver.com\/index.php\/wp-json\/wp\/v2\/product\/1561","targetHints":{"allow":["GET"]}}],"collection":[{"href":"https:\/\/joanclaver.com\/index.php\/wp-json\/wp\/v2\/product"}],"about":[{"href":"https:\/\/joanclaver.com\/index.php\/wp-json\/wp\/v2\/types\/product"}],"wp:featuredmedia":[{"embeddable":true,"href":"https:\/\/joanclaver.com\/index.php\/wp-json\/wp\/v2\/media\/1564"}],"wp:attachment":[{"href":"https:\/\/joanclaver.com\/index.php\/wp-json\/wp\/v2\/media?parent=1561"}],"wp:term":[{"taxonomy":"product_brand","embeddable":true,"href":"https:\/\/joanclaver.com\/index.php\/wp-json\/wp\/v2\/product_brand?post=1561"},{"taxonomy":"product_cat","embeddable":true,"href":"https:\/\/joanclaver.com\/index.php\/wp-json\/wp\/v2\/product_cat?post=1561"},{"taxonomy":"product_tag","embeddable":true,"href":"https:\/\/joanclaver.com\/index.php\/wp-json\/wp\/v2\/product_tag?post=1561"}],"curies":[{"name":"wp","href":"https:\/\/api.w.org\/{rel}","templated":true}]}}