{"id":1472,"date":"2022-04-04T20:42:52","date_gmt":"2022-04-04T20:42:52","guid":{"rendered":"https:\/\/joanclaver.com\/?page_id=1472"},"modified":"2024-07-02T07:26:54","modified_gmt":"2024-07-02T07:26:54","slug":"biografia","status":"publish","type":"page","link":"https:\/\/joanclaver.com\/index.php\/biografia\/","title":{"rendered":"bio"},"content":{"rendered":"\n<p><\/p>\n\n\n\n<div class=\"wp-block-cover alignfull wp-duotone-000000-rgb545151-1\" style=\"min-height:100vh;aspect-ratio:unset;\"><span aria-hidden=\"true\" class=\"wp-block-cover__background has-background-dim\"><\/span><img loading=\"lazy\" decoding=\"async\" width=\"1200\" height=\"889\" class=\"wp-block-cover__image-background wp-image-1475\" alt=\"\" src=\"https:\/\/joanclaver.com\/wp-content\/uploads\/2022\/04\/DSC5337-NEF_DxO_DeepPRIME-enfocada.jpg\" data-object-fit=\"cover\" srcset=\"https:\/\/joanclaver.com\/wp-content\/uploads\/2022\/04\/DSC5337-NEF_DxO_DeepPRIME-enfocada.jpg 1200w, https:\/\/joanclaver.com\/wp-content\/uploads\/2022\/04\/DSC5337-NEF_DxO_DeepPRIME-enfocada-300x222.jpg 300w, https:\/\/joanclaver.com\/wp-content\/uploads\/2022\/04\/DSC5337-NEF_DxO_DeepPRIME-enfocada-1024x759.jpg 1024w, https:\/\/joanclaver.com\/wp-content\/uploads\/2022\/04\/DSC5337-NEF_DxO_DeepPRIME-enfocada-768x569.jpg 768w, https:\/\/joanclaver.com\/wp-content\/uploads\/2022\/04\/DSC5337-NEF_DxO_DeepPRIME-enfocada-600x445.jpg 600w\" sizes=\"auto, (max-width: 1200px) 100vw, 1200px\" \/><div class=\"wp-block-cover__inner-container is-layout-flow wp-block-cover-is-layout-flow\">\n<p class=\"has-medium-font-size\"><strong>Joan Claver (Vila-seca, 1988)<\/strong><\/p>\n\n\n\n<p class=\"has-text-color\" style=\"color:#c9c9c9\">Inicia los estudios de m\u00fasica cl\u00e1sica en el Conservatorio Profesional de M\u00fasica de Vila-seca a la edad de 6 a\u00f1os donde finaliza el grado profesional. Durante este periodo estudia con los profesores Silvia Gil-P\u00e9rez, Nuria Ruera, Cecilio Tieles, Ramon Humet entre otros.<\/p>\n\n\n\n<p class=\"has-text-color\" style=\"color:#c9c9c9\">A los 12 a\u00f1os entra a formar parte de un grupo de rock y aprende de manera autodidacta a tocar el bajo el\u00e9ctrico. Desde entonces ha formado parte de numerosas formaciones de estilos diferentes donde desarrolla su capacidad de adaptaci\u00f3n en los diferentes papeles como cofundador, compositor, arreglista, bajista, teclista y pianista.<\/p>\n\n\n\n<p class=\"has-text-color\" style=\"color:#c9c9c9\">La composici\u00f3n le acompa\u00f1a desde bien peque\u00f1o creando sus propias obras, las cuales interpretaba incluso en los conciertos del conservatorio y ex\u00e1menes. Tambi\u00e9n empieza a explorar el mundo de la producci\u00f3n musical grabando sus propias obras en casa y aprendiendo de manera autodidacta otros instrumentos como la guitarra, la bater\u00eda, la percusi\u00f3n.<\/p>\n\n\n\n<p class=\"has-text-color\" style=\"color:#c9c9c9\">En el 2009 recibe sus primeras clases de Jazz con el pianista Jorge Varela. En el 2011 entra en el Conservatorio Superior del Liceo para cursar los estudios superiores de piano jazz y m\u00fasica moderna con con los profesores de piano I\u00f1aki Sandoval, Albert Bover y Roger Mas y tambi\u00e9n recibe clases de otras asignaturas como Horacio Fumero, Llibert Fortuny, David Mengual y Ram\u00f3n Prats, entre otros. En ese per\u00edodo forma parte de la Big Band del Liceu bajo la direcci\u00f3n de Sergi Verg\u00e8s.<\/p>\n\n\n\n<p class=\"has-text-color\" style=\"color:#c9c9c9\">En 2015 establece su primer tr\u00edo c\u00f3mo l\u00edder y compositor y lanza su primer disco llamado Triangle, con sus compa\u00f1eros de estudios Pedro Campos al contrabajo y Jose Ben\u00edtez a la bater\u00eda. El disco lo edita el sello barcelon\u00e9s Fresh Sound New Talent.<\/p>\n\n\n\n<p class=\"has-text-color\" style=\"color:#c9c9c9\">Ha participado en numerosas grabaciones de estudio y giras, como pianista, teclista y\/o bajista en formaciones como Febrero, Devoluci\u00f3n Zero, El Sobrino del Diablo, Breis, Juan Zarppa. Poncho K, The Basement, Jordi Oset.<\/p>\n\n\n\n<p class=\"has-text-color\" style=\"color:#c9c9c9\">Forma parte de proyectos en calidad de compositor, int\u00e9rprete, coofundador o l\u00edder como Distrito Rojo, Joan Claver Tr\u00edo, Electric Triangle, Rufaca Jazz Folk Orchestra, con las que hace numerosas grabaciones y conciertos por todo el pa\u00eds.<\/p>\n\n\n\n<p class=\"has-text-color\" style=\"color:#c9c9c9\">Mist \u00e9s su \u00faltimo trabajo como pianista, l\u00edder y compositor en formaci\u00f3n de tr\u00edo. En esta ocasi\u00f3n cuenta con Xavi Reija a la bater\u00eda i Artemi Agr\u00e0s al contrabajo.<\/p>\n<\/div><\/div>\n","protected":false},"excerpt":{"rendered":"","protected":false},"author":1,"featured_media":0,"parent":0,"menu_order":0,"comment_status":"closed","ping_status":"closed","template":"","meta":{"om_disable_all_campaigns":false,"_monsterinsights_skip_tracking":false,"_monsterinsights_sitenote_active":false,"_monsterinsights_sitenote_note":"","_monsterinsights_sitenote_category":0,"site-sidebar-layout":"default","site-content-layout":"","ast-site-content-layout":"default","site-content-style":"default","site-sidebar-style":"default","ast-global-header-display":"","ast-banner-title-visibility":"","ast-main-header-display":"","ast-hfb-above-header-display":"","ast-hfb-below-header-display":"","ast-hfb-mobile-header-display":"","site-post-title":"","ast-breadcrumbs-content":"","ast-featured-img":"","footer-sml-layout":"","ast-disable-related-posts":"","theme-transparent-header-meta":"","adv-header-id-meta":"","stick-header-meta":"","header-above-stick-meta":"","header-main-stick-meta":"","header-below-stick-meta":"","astra-migrate-meta-layouts":"default","ast-page-background-enabled":"default","ast-page-background-meta":{"desktop":{"background-color":"","background-image":"","background-repeat":"repeat","background-position":"center center","background-size":"auto","background-attachment":"scroll","background-type":"","background-media":"","overlay-type":"","overlay-color":"","overlay-opacity":"","overlay-gradient":""},"tablet":{"background-color":"","background-image":"","background-repeat":"repeat","background-position":"center center","background-size":"auto","background-attachment":"scroll","background-type":"","background-media":"","overlay-type":"","overlay-color":"","overlay-opacity":"","overlay-gradient":""},"mobile":{"background-color":"","background-image":"","background-repeat":"repeat","background-position":"center center","background-size":"auto","background-attachment":"scroll","background-type":"","background-media":"","overlay-type":"","overlay-color":"","overlay-opacity":"","overlay-gradient":""}},"ast-content-background-meta":{"desktop":{"background-color":"var(--ast-global-color-5)","background-image":"","background-repeat":"repeat","background-position":"center center","background-size":"auto","background-attachment":"scroll","background-type":"","background-media":"","overlay-type":"","overlay-color":"","overlay-opacity":"","overlay-gradient":""},"tablet":{"background-color":"var(--ast-global-color-5)","background-image":"","background-repeat":"repeat","background-position":"center center","background-size":"auto","background-attachment":"scroll","background-type":"","background-media":"","overlay-type":"","overlay-color":"","overlay-opacity":"","overlay-gradient":""},"mobile":{"background-color":"var(--ast-global-color-5)","background-image":"","background-repeat":"repeat","background-position":"center center","background-size":"auto","background-attachment":"scroll","background-type":"","background-media":"","overlay-type":"","overlay-color":"","overlay-opacity":"","overlay-gradient":""}},"footnotes":""},"class_list":["post-1472","page","type-page","status-publish","hentry"],"aioseo_notices":[],"jetpack_sharing_enabled":true,"_links":{"self":[{"href":"https:\/\/joanclaver.com\/index.php\/wp-json\/wp\/v2\/pages\/1472","targetHints":{"allow":["GET"]}}],"collection":[{"href":"https:\/\/joanclaver.com\/index.php\/wp-json\/wp\/v2\/pages"}],"about":[{"href":"https:\/\/joanclaver.com\/index.php\/wp-json\/wp\/v2\/types\/page"}],"author":[{"embeddable":true,"href":"https:\/\/joanclaver.com\/index.php\/wp-json\/wp\/v2\/users\/1"}],"replies":[{"embeddable":true,"href":"https:\/\/joanclaver.com\/index.php\/wp-json\/wp\/v2\/comments?post=1472"}],"version-history":[{"count":7,"href":"https:\/\/joanclaver.com\/index.php\/wp-json\/wp\/v2\/pages\/1472\/revisions"}],"predecessor-version":[{"id":1692,"href":"https:\/\/joanclaver.com\/index.php\/wp-json\/wp\/v2\/pages\/1472\/revisions\/1692"}],"wp:attachment":[{"href":"https:\/\/joanclaver.com\/index.php\/wp-json\/wp\/v2\/media?parent=1472"}],"curies":[{"name":"wp","href":"https:\/\/api.w.org\/{rel}","templated":true}]}}